{"id":11,"date":"2012-05-15T16:29:35","date_gmt":"2012-05-15T16:29:35","guid":{"rendered":"http:\/\/www.petrivahakangas.fi\/?page_id=11"},"modified":"2012-09-01T14:02:46","modified_gmt":"2012-09-01T14:02:46","slug":"avoimempi-jyvaskyla-kunnallisvaalit-2012","status":"publish","type":"page","link":"https:\/\/www.petrivahakangas.fi\/?page_id=11","title":{"rendered":"Avoimempi Jyv\u00e4skyl\u00e4 &#8211; Kunnallisvaalit 2012"},"content":{"rendered":"<p><a title=\"Tavoitteet ja teesit\" href=\"http:\/\/www.petrivahakangas.fi\/?page_id=24\">Tavoitteet ja teesit<\/a> <a title=\"Vaalikiertue\" href=\"http:\/\/www.petrivahakangas.fi\/?page_id=41\">Vaalikiertue<\/a> <a title=\"Vaalibudjetti\" href=\"http:\/\/www.petrivahakangas.fi\/?page_id=39\">Vaalibudjetti ja lahjoitukset<\/a>\u00a0<a title=\"Tuu mulle avautumaan!\" href=\"http:\/\/www.petrivahakangas.fi\/?page_id=119\">Avaudu<\/a><\/p>\n<p>Vihreiden kunnallisvaaliteema on \u201cAvoimempi\u201c. Vanha sanonta sanoo, ett\u00e4 pit\u00e4\u00e4 el\u00e4\u00e4 niinkuin opettaa. Siit\u00e4 syyst\u00e4 avasin tammikuussa itselleni Facebookiin avoimen poliitikko-profiilin. Olen sinne laittanut ajatuksiani l\u00e4hinn\u00e4 kulttuuri-, liikunta- ja nuorisolautakunnan kokouksiin ja Jyv\u00e4skyl\u00e4n asioihin liittyen sek\u00e4 muita Vihreit\u00e4 ajatuksia. Sielt\u00e4 l\u00f6ytyy my\u00f6s tekem\u00e4ni aloitteet.<\/p>\n<p>Vihre\u00e4t ovat minusta oppineet eduskuntavaalitappiosta ja Pekka Haaviston presidentinvaalikampanjasta. Paikallisesti Jyv\u00e4skyl\u00e4n Vihreiden teht\u00e4v\u00e4n\u00e4 on my\u00f6s kuunnella ihmisi\u00e4 ja tulemme jalkautumaan koko Jyv\u00e4skyl\u00e4n alueella erilaisiin tapahtumiin. Itse aion henkil\u00f6kohtaisesti my\u00f6s jalkautua n\u00e4ihin tapahtumiin ja kierrell\u00e4 kitaran kanssa ymp\u00e4ri Jyv\u00e4skyl\u00e4\u00e4 kampanjoimassa kes\u00e4n ja syksyn aikana. Seuraa t\u00e4t\u00e4 sivua, tykk\u00e4\u00e4 poliitikko-FB-sivustani tai seuraa Twitteriss\u00e4. Tuu mulle avautumaan!<\/p>\n<p><a title=\"Tavoitteet ja teesit\" href=\"http:\/\/www.petrivahakangas.fi\/?page_id=24\">Tavoitteet ja teesit<\/a>\u00a0<a title=\"Vaalikiertue\" href=\"http:\/\/www.petrivahakangas.fi\/?page_id=41\">Vaalikiertue<\/a>\u00a0<a title=\"Vaalibudjetti\" href=\"http:\/\/www.petrivahakangas.fi\/?page_id=39\">Vaalibudjetti ja lahjoitukset<\/a>\u00a0\u00a0<a title=\"Tuu mulle avautumaan!\" href=\"http:\/\/www.petrivahakangas.fi\/?page_id=119\">Avaudu<\/a><\/p>\n<div id=\"attachment_37\" style=\"width: 310px\" class=\"wp-caption aligncenter\"><a href=\"http:\/\/www.petrivahakangas.fi\/wp-content\/uploads\/2012\/05\/400162_1745574254430_1690981692_829833_410735349_n.jpg\"><img aria-describedby=\"caption-attachment-37\" loading=\"lazy\" class=\"size-medium wp-image-37\" title=\"Vaality\u00f6t\u00e4\" src=\"http:\/\/www.petrivahakangas.fi\/wp-content\/uploads\/2012\/05\/400162_1745574254430_1690981692_829833_410735349_n-300x200.jpg\" alt=\"Vaality\u00f6t\u00e4\" width=\"300\" height=\"200\" srcset=\"https:\/\/www.petrivahakangas.fi\/wp-content\/uploads\/2012\/05\/400162_1745574254430_1690981692_829833_410735349_n-300x200.jpg 300w, https:\/\/www.petrivahakangas.fi\/wp-content\/uploads\/2012\/05\/400162_1745574254430_1690981692_829833_410735349_n.jpg 960w\" sizes=\"(max-width: 300px) 100vw, 300px\" \/><\/a><p id=\"caption-attachment-37\" class=\"wp-caption-text\">Vaality\u00f6t\u00e4<\/p><\/div>\n","protected":false},"excerpt":{"rendered":"<p>Tavoitteet ja teesit Vaalikiertue Vaalibudjetti ja lahjoitukset\u00a0Avaudu Vihreiden kunnallisvaaliteema on \u201cAvoimempi\u201c. Vanha sanonta sanoo, ett\u00e4 pit\u00e4\u00e4 el\u00e4\u00e4 niinkuin opettaa. Siit\u00e4 syyst\u00e4 avasin tammikuussa itselleni Facebookiin avoimen poliitikko-profiilin. Olen sinne laittanut ajatuksiani l\u00e4hinn\u00e4 kulttuuri-, liikunta- ja nuorisolautakunnan kokouksiin ja Jyv\u00e4skyl\u00e4n asioihin liittyen sek\u00e4 muita Vihreit\u00e4 ajatuksia. Sielt\u00e4 l\u00f6ytyy my\u00f6s tekem\u00e4ni aloitteet. Vihre\u00e4t ovat minusta oppineet eduskuntavaalitappiosta&hellip;&nbsp;<a href=\"https:\/\/www.petrivahakangas.fi\/?page_id=11\" class=\"\" rel=\"bookmark\">Lue lis\u00e4\u00e4 &raquo;<span class=\"screen-reader-text\">Avoimempi Jyv\u00e4skyl\u00e4 &#8211; Kunnallisvaalit 2012<\/span><\/a><\/p>\n","protected":false},"author":1,"featured_media":0,"parent":0,"menu_order":0,"comment_status":"open","ping_status":"open","template":"","meta":{"neve_meta_sidebar":"","neve_meta_container":"","neve_meta_enable_content_width":"","neve_meta_content_width":0,"neve_meta_title_alignment":"","neve_meta_author_avatar":"","neve_post_elements_order":"","neve_meta_disable_header":"","neve_meta_disable_footer":"","neve_meta_disable_title":""},"_links":{"self":[{"href":"https:\/\/www.petrivahakangas.fi\/index.php?rest_route=\/wp\/v2\/pages\/11"}],"collection":[{"href":"https:\/\/www.petrivahakangas.fi\/index.php?rest_route=\/wp\/v2\/pages"}],"about":[{"href":"https:\/\/www.petrivahakangas.fi\/index.php?rest_route=\/wp\/v2\/types\/page"}],"author":[{"embeddable":true,"href":"https:\/\/www.petrivahakangas.fi\/index.php?rest_route=\/wp\/v2\/users\/1"}],"replies":[{"embeddable":true,"href":"https:\/\/www.petrivahakangas.fi\/index.php?rest_route=%2Fwp%2Fv2%2Fcomments&post=11"}],"version-history":[{"count":9,"href":"https:\/\/www.petrivahakangas.fi\/index.php?rest_route=\/wp\/v2\/pages\/11\/revisions"}],"predecessor-version":[{"id":114,"href":"https:\/\/www.petrivahakangas.fi\/index.php?rest_route=\/wp\/v2\/pages\/11\/revisions\/114"}],"wp:attachment":[{"href":"https:\/\/www.petrivahakangas.fi\/index.php?rest_route=%2Fwp%2Fv2%2Fmedia&parent=11"}],"curies":[{"name":"wp","href":"https:\/\/api.w.org\/{rel}","templated":true}]}}