{"id":119,"date":"2012-08-28T05:56:50","date_gmt":"2012-08-28T05:56:50","guid":{"rendered":"http:\/\/www.petrivahakangas.fi\/?page_id=119"},"modified":"2012-08-28T07:25:45","modified_gmt":"2012-08-28T07:25:45","slug":"tuu-mulle-avautumaan","status":"publish","type":"page","link":"https:\/\/www.petrivahakangas.fi\/?page_id=119","title":{"rendered":"Tuu mulle avautumaan!"},"content":{"rendered":"<p>Mik\u00e4 olisi sinun mielest\u00e4si t\u00e4rkeint\u00e4 Jyv\u00e4skyl\u00e4n tulevaisuuden kannalta? Mit\u00e4 Jyv\u00e4skyl\u00e4n Vihreiden pit\u00e4isi tehd\u00e4? Mit\u00e4 haluaisit kysy\u00e4?<\/p>\n<p>Tuu mulle avautumaan! eli kirjoita tuohon alle kommenttia, niin lupaan vastata kaikkiin kysymyksiin. My\u00f6s suoraan saa ottaa yhteytt\u00e4 (petri at petrivahakangas.fi). Saa k\u00e4ytt\u00e4\u00e4 nimimerkki\u00e4 tai jopa omaa nime\u00e4!<\/p>\n<p>Minun on vaikea mielt\u00e4\u00e4 itse\u00e4ni jonkin tietyn asian ajajaksi politiikassa (jos pelkk\u00e4 vihreys ei ole sit\u00e4). En siis koe ajavani jonkin tietyn ryhm\u00e4n &#8217;etuja&#8217; vaan mieluummin mahdollisuuksia el\u00e4\u00e4 vihre\u00e4mp\u00e4\u00e4 arkea Jyv\u00e4skyl\u00e4ss\u00e4 (ja t\u00e4ss\u00e4 maailmassa). Vaalisloganiksi olenkin valinnut <em><strong>&#8221;Tuu mulle avautumaan&#8221;<\/strong> <\/em>eli haluan ennemmin kuunnella ja keskustella. Jos nyt vaaliteeseist\u00e4ni pit\u00e4isi nostaa vaikkapa kolme minulle t\u00e4rke\u00e4\u00e4 asiaa esille, niin ne olisivat<\/p>\n<ol>\n<li><em>\u00a0Jyv\u00e4skyl\u00e4n yritysstategian tulee perustua pienten ja keskisuurten yritysten toimintaedellytysten tukemiseen ja korkean osaamisen yritt\u00e4misen tukemiseen.\u00a0<\/em><\/li>\n<li><em>L\u00e4hivihreytt\u00e4: l\u00e4hiruokaa kouluihin, p\u00e4iv\u00e4koteihin ja vanhuksille!\u00a0l\u00e4hikirjastot s\u00e4ilytett\u00e4v\u00e4 ja pidett\u00e4v\u00e4n\u00e4 el\u00e4vin\u00e4 kulttuurikeskuksina. L\u00e4hikirjastojen tulisi olla my\u00f6s auki enemm\u00e4n silloin, kun ihmisill\u00e4 on vapaa-aikaa. L\u00e4hikirjastoista voisi tehd\u00e4 l\u00e4hipalvelupisteit\u00e4, joissa on itsepalvelulainauksen lis\u00e4ksi tarjolla toimintaa nuorisolle, kokoontumistiloja kansalaistoiminnalle sek\u00e4 vaikkapa sosiaali- ja terveyspalveluja. Kaupunginosiin luotava lis\u00e4\u00e4 l\u00e4hitapahtumia ja kansalaistoimintaa on tuettava. Lapset l\u00e4hikouluihin ainakin alakoulussa ja p\u00e4iv\u00e4hoitopaikat l\u00e4helt\u00e4 kotia.\u00a0<\/em><\/li>\n<li><em>Avoimempi Jyv\u00e4skyl\u00e4. Asukkaat mukaan asioiden suunnitteluun ja vaikkapa p\u00e4\u00e4tt\u00e4m\u00e4\u00e4n osallistuvan budjetoinnin keinoin, mihin k\u00e4ytet\u00e4\u00e4n rahaa. Valtuuston kokouksista suora videol\u00e4hetys sek\u00e4 radiol\u00e4hetys (toteutuu jo www.hear.fi) \u00a0ja vaikkapa kerran vuodessa avoimet lautakunnan kokoukset. \u00a0<\/em><\/li>\n<\/ol>\n<div>\n<div id=\"attachment_130\" style=\"width: 186px\" class=\"wp-caption aligncenter\"><a href=\"http:\/\/www.petrivahakangas.fi\/wp-content\/uploads\/2012\/08\/avautuminen1.jpg\"><img aria-describedby=\"caption-attachment-130\" loading=\"lazy\" class=\"size-medium wp-image-130\" title=\"Avautuminen\" src=\"http:\/\/www.petrivahakangas.fi\/wp-content\/uploads\/2012\/08\/avautuminen1-176x300.jpg\" alt=\"\" width=\"176\" height=\"300\" srcset=\"https:\/\/www.petrivahakangas.fi\/wp-content\/uploads\/2012\/08\/avautuminen1-176x300.jpg 176w, https:\/\/www.petrivahakangas.fi\/wp-content\/uploads\/2012\/08\/avautuminen1.jpg 300w\" sizes=\"(max-width: 176px) 100vw, 176px\" \/><\/a><p id=\"caption-attachment-130\" class=\"wp-caption-text\">Vaajakosken Kohinoilla 12.8.2012. Kuva: Virpi Kauko.<\/p><\/div>\n<p><span class=\"Apple-style-span\" style=\"font-size: 14px; line-height: 23px;\"><em><br \/>\n<\/em><\/span><\/p>\n<\/div>\n<p>&nbsp;<\/p>\n","protected":false},"excerpt":{"rendered":"<p>Mik\u00e4 olisi sinun mielest\u00e4si t\u00e4rkeint\u00e4 Jyv\u00e4skyl\u00e4n tulevaisuuden kannalta? Mit\u00e4 Jyv\u00e4skyl\u00e4n Vihreiden pit\u00e4isi tehd\u00e4? Mit\u00e4 haluaisit kysy\u00e4? Tuu mulle avautumaan! eli kirjoita tuohon alle kommenttia, niin lupaan vastata kaikkiin kysymyksiin. My\u00f6s suoraan saa ottaa yhteytt\u00e4 (petri at petrivahakangas.fi). Saa k\u00e4ytt\u00e4\u00e4 nimimerkki\u00e4 tai jopa omaa nime\u00e4! Minun on vaikea mielt\u00e4\u00e4 itse\u00e4ni jonkin tietyn asian ajajaksi politiikassa (jos&hellip;&nbsp;<a href=\"https:\/\/www.petrivahakangas.fi\/?page_id=119\" class=\"\" rel=\"bookmark\">Lue lis\u00e4\u00e4 &raquo;<span class=\"screen-reader-text\">Tuu mulle avautumaan!<\/span><\/a><\/p>\n","protected":false},"author":1,"featured_media":0,"parent":0,"menu_order":0,"comment_status":"open","ping_status":"open","template":"","meta":{"neve_meta_sidebar":"","neve_meta_container":"","neve_meta_enable_content_width":"","neve_meta_content_width":0,"neve_meta_title_alignment":"","neve_meta_author_avatar":"","neve_post_elements_order":"","neve_meta_disable_header":"","neve_meta_disable_footer":"","neve_meta_disable_title":""},"_links":{"self":[{"href":"https:\/\/www.petrivahakangas.fi\/index.php?rest_route=\/wp\/v2\/pages\/119"}],"collection":[{"href":"https:\/\/www.petrivahakangas.fi\/index.php?rest_route=\/wp\/v2\/pages"}],"about":[{"href":"https:\/\/www.petrivahakangas.fi\/index.php?rest_route=\/wp\/v2\/types\/page"}],"author":[{"embeddable":true,"href":"https:\/\/www.petrivahakangas.fi\/index.php?rest_route=\/wp\/v2\/users\/1"}],"replies":[{"embeddable":true,"href":"https:\/\/www.petrivahakangas.fi\/index.php?rest_route=%2Fwp%2Fv2%2Fcomments&post=119"}],"version-history":[{"count":9,"href":"https:\/\/www.petrivahakangas.fi\/index.php?rest_route=\/wp\/v2\/pages\/119\/revisions"}],"predecessor-version":[{"id":150,"href":"https:\/\/www.petrivahakangas.fi\/index.php?rest_route=\/wp\/v2\/pages\/119\/revisions\/150"}],"wp:attachment":[{"href":"https:\/\/www.petrivahakangas.fi\/index.php?rest_route=%2Fwp%2Fv2%2Fmedia&parent=119"}],"curies":[{"name":"wp","href":"https:\/\/api.w.org\/{rel}","templated":true}]}}