{"id":212,"date":"2012-10-14T05:48:56","date_gmt":"2012-10-14T05:48:56","guid":{"rendered":"http:\/\/www.petrivahakangas.fi\/?page_id=212"},"modified":"2012-10-14T06:15:40","modified_gmt":"2012-10-14T06:15:40","slug":"vaalikoneet","status":"publish","type":"page","link":"https:\/\/www.petrivahakangas.fi\/?page_id=212","title":{"rendered":"Vaalikoneet"},"content":{"rendered":"<p>ker\u00e4sin t\u00e4h\u00e4n linkit vaalikonevastauksiini:<\/p>\n<p>Ylen vaalikone:\u00a0<a title=\"Ylen vaalikone\" href=\"http:\/\/bit.ly\/petri_ylenvaalikone\" target=\"_blank\">http:\/\/bit.ly\/petri_ylenvaalikone<\/a><\/p>\n<p>noista Zefin vaalikoneista ei saa helpolla tietoja ulos \ud83d\ude41<\/p>\n<p>tein kuitenkin pdf:t<\/p>\n<p>Keskisuomalaisen <a title=\"Keskisuomalaisen vaalikone\" href=\"http:\/\/www.petrivahakangas.fi\/wp-content\/uploads\/2012\/10\/V\u00e4h\u00e4kangas_Petri_Vaalikone_Jyv\u00e4skyl\u00e4_KSML.pdf\" target=\"_blank\">vaalikone<\/a><\/p>\n<p>MTV3 <a title=\"MTV3 vaalikone\" href=\"http:\/\/www.petrivahakangas.fi\/wp-content\/uploads\/2012\/10\/V\u00e4h\u00e4kangas-Petri-MTV3-Kunnallisvaalikone-2012-ZEF-Vaalikoneet.pdf\" target=\"_blank\">vaalikone<\/a><\/p>\n<p>Animalian el\u00e4inpoliittinen vaalikone:\u00a0<a title=\"El\u00e4inpoliittinen vaalikone\" href=\"http:\/\/bit.ly\/elainpoliittinen_vaalikone\" target=\"_blank\">http:\/\/bit.ly\/elainpoliittinen_vaalikone<\/a><\/p>\n<p>Olen my\u00f6s <a title=\"Allekirjoitus\" href=\"http:\/\/www.alli.fi\/app\/sign\/list\/-\/party\/6\/municipality\/67\/\" target=\"_blank\">allekirjoittanut<\/a> Lasten- ja nuorten valtuutetun <a title=\"Huoneentaulu\" href=\"http:\/\/www.alli.fi\/huoneentaulu\/allekirjoita\" target=\"_blank\">huoneentaulun<\/a>. Eniten allekirjoituksia on Vihreilt\u00e4 ehdokkailta Jyv\u00e4skyl\u00e4ss\u00e4 (26\/58) ja valtakunnallisestikin eniten allekirjoituksia on Vihreilt\u00e4 ehdokkailta (537 ehdokasta)<\/p>\n<p>&nbsp;<\/p>\n<p>&nbsp;<\/p>\n","protected":false},"excerpt":{"rendered":"<p>ker\u00e4sin t\u00e4h\u00e4n linkit vaalikonevastauksiini: Ylen vaalikone:\u00a0http:\/\/bit.ly\/petri_ylenvaalikone noista Zefin vaalikoneista ei saa helpolla tietoja ulos \ud83d\ude41 tein kuitenkin pdf:t Keskisuomalaisen vaalikone MTV3 vaalikone Animalian el\u00e4inpoliittinen vaalikone:\u00a0http:\/\/bit.ly\/elainpoliittinen_vaalikone Olen my\u00f6s allekirjoittanut Lasten- ja nuorten valtuutetun huoneentaulun. Eniten allekirjoituksia on Vihreilt\u00e4 ehdokkailta Jyv\u00e4skyl\u00e4ss\u00e4 (26\/58) ja valtakunnallisestikin eniten allekirjoituksia on Vihreilt\u00e4 ehdokkailta (537 ehdokasta) &nbsp; &nbsp;<\/p>\n","protected":false},"author":1,"featured_media":0,"parent":0,"menu_order":0,"comment_status":"open","ping_status":"open","template":"","meta":{"neve_meta_sidebar":"","neve_meta_container":"","neve_meta_enable_content_width":"","neve_meta_content_width":0,"neve_meta_title_alignment":"","neve_meta_author_avatar":"","neve_post_elements_order":"","neve_meta_disable_header":"","neve_meta_disable_footer":"","neve_meta_disable_title":""},"_links":{"self":[{"href":"https:\/\/www.petrivahakangas.fi\/index.php?rest_route=\/wp\/v2\/pages\/212"}],"collection":[{"href":"https:\/\/www.petrivahakangas.fi\/index.php?rest_route=\/wp\/v2\/pages"}],"about":[{"href":"https:\/\/www.petrivahakangas.fi\/index.php?rest_route=\/wp\/v2\/types\/page"}],"author":[{"embeddable":true,"href":"https:\/\/www.petrivahakangas.fi\/index.php?rest_route=\/wp\/v2\/users\/1"}],"replies":[{"embeddable":true,"href":"https:\/\/www.petrivahakangas.fi\/index.php?rest_route=%2Fwp%2Fv2%2Fcomments&post=212"}],"version-history":[{"count":9,"href":"https:\/\/www.petrivahakangas.fi\/index.php?rest_route=\/wp\/v2\/pages\/212\/revisions"}],"predecessor-version":[{"id":221,"href":"https:\/\/www.petrivahakangas.fi\/index.php?rest_route=\/wp\/v2\/pages\/212\/revisions\/221"}],"wp:attachment":[{"href":"https:\/\/www.petrivahakangas.fi\/index.php?rest_route=%2Fwp%2Fv2%2Fmedia&parent=212"}],"curies":[{"name":"wp","href":"https:\/\/api.w.org\/{rel}","templated":true}]}}