{"id":24,"date":"2012-05-15T16:30:22","date_gmt":"2012-05-15T16:30:22","guid":{"rendered":"http:\/\/www.petrivahakangas.fi\/?page_id=24"},"modified":"2012-10-12T06:13:26","modified_gmt":"2012-10-12T06:13:26","slug":"tavoitteet-ja-teesit","status":"publish","type":"page","link":"https:\/\/www.petrivahakangas.fi\/?page_id=24","title":{"rendered":"Tavoitteet ja teesit"},"content":{"rendered":"<p>Vihre\u00e4\u00e4 kaupunkipolitiikkaa 2013-2016<\/p>\n<p><strong>L\u00e4hivihreytt\u00e4!<\/strong><\/p>\n<ul>\n<li>l\u00e4hiruokaa kouluihin, p\u00e4iv\u00e4koteihin ja vanhuksille!<\/li>\n<li>l\u00e4hikirjastot s\u00e4ilytett\u00e4v\u00e4 ja pidett\u00e4v\u00e4n\u00e4 el\u00e4vin\u00e4 kulttuurikeskuksina. L\u00e4hikirjastojen tulisi olla my\u00f6s auki enemm\u00e4n silloin, kun ihmisill\u00e4 on vapaa-aikaa. L\u00e4hikirjastoista voisi tehd\u00e4 l\u00e4hipalvelupisteit\u00e4, joissa on itsepalvelulainauksen lis\u00e4ksi tarjolla toimintaa nuorisolle, kokoontumistiloja kansalaistoiminnalle sek\u00e4 vaikkapa sosiaali- ja terveyspalveluja. N\u00e4in tehostettaisiin my\u00f6s tilojen k\u00e4ytt\u00f6\u00e4.<\/li>\n<li>kaupunginosiin luotava lis\u00e4\u00e4 l\u00e4hitapahtumia ja kansalaistoimintaa on tuettava<\/li>\n<li>l\u00e4hiliikuntapaikat on pidett\u00e4v\u00e4 kunnossa ja niit\u00e4 on saatava lis\u00e4\u00e4. Suosituin l\u00e4hiliikuntapaikka on kevyen liikenteen v\u00e4yl\u00e4t ja ne on pidett\u00e4v\u00e4 kunnossa my\u00f6s ty\u00f6matkoja varten<\/li>\n<li>lapsella on oltava oikeus k\u00e4yd\u00e4 l\u00e4hikoulua alakoulun ajan ja saada p\u00e4iv\u00e4hoitopaikka l\u00e4helt\u00e4 kotia<\/li>\n<li>l\u00e4hipalvelu voi olla my\u00f6s netiss\u00e4, mutta kone ei voi korvata ihmist\u00e4 kotihoitoty\u00f6ss\u00e4.<\/li>\n<li>uusien asuinalueiden suunnittelussa pit\u00e4\u00e4 olla mukana l\u00e4hipalvelut ja toimiva joukkoliikenne. Palveluliikenne ja joukkoliikenne voi palvella my\u00f6s lapsiperheit\u00e4, jotta lapsiperheiden ei tarvitse hankkia kahta autoa tai edes sit\u00e4 yht\u00e4k\u00e4\u00e4n<\/li>\n<li>terveydenhuollon osalta l\u00e4hipalvelun kriteerin\u00e4 voisi olla my\u00f6s saavutettavuus: miten terveysasemalle vastaanotolle p\u00e4\u00e4see joukkoliikenteen avulla arkisin klo 7-18<\/li>\n<li>p\u00e4\u00e4t\u00f6ksenteon tulee olla avointa ja kuntalaiset pit\u00e4\u00e4 saada mukaan jo asioiden valmisteluun. Jyv\u00e4skyl\u00e4 voisi my\u00f6s kokeilla osallistuvaa budjetointia vaikka jakamalla avoimella haulla rahaa l\u00e4hialueiden kunnostusprojekteihin (puistot jne).<\/li>\n<li>kaupungin keskustaan on luotava kaikille avoin wlan-yhteys sek\u00e4 muutakin oleskelutilaa kuin kauppakeskukset.<\/li>\n<\/ul>\n<p><strong>Vihre\u00e4\u00e4 elinkeinopolitiikkaa<\/strong><\/p>\n<ul>\n<li>Jyv\u00e4skyl\u00e4n yritysstategian tulee perustua pienten ja keskisuurten yritysten toimintaedellytysten tukemiseen ja korkean osaamisen yritt\u00e4misen tukemiseen. Hypermarketit ja uudet kaupan suurkeskukset eiv\u00e4t tuo lis\u00e4\u00e4 Jyv\u00e4skyl\u00e4n kaupunkiin sitoutuneita yritt\u00e4ji\u00e4, vaan pikemminkin vaikeuttavat pienyritt\u00e4mist\u00e4.<\/li>\n<li>Jyv\u00e4skyl\u00e4n kaupungin hankinnoissa tulisi sallia my\u00f6s osatarjousten j\u00e4tt\u00e4minen ja hankinta-arvojen alle j\u00e4\u00e4vist\u00e4 hankinnoista pit\u00e4\u00e4 tiedottaa my\u00f6s paikallisia yritt\u00e4ji\u00e4.<\/li>\n<li>Tulevaisuus on my\u00f6s kierr\u00e4tykseen, uusiutuvaan energiaan ja energians\u00e4\u00e4st\u00f6\u00f6n perustuvassa yritystoiminnassa.<\/li>\n<li>Jyv\u00e4skyl\u00e4n kaupungin ja JYKES:in on tarjottava kohtuuhintaisia tiloja yritt\u00e4jille.<\/li>\n<li>Jyv\u00e4skyl\u00e4\u00e4n tarvitaan my\u00f6s pieni\u00e4 yhden hengen tai muutaman hengen ty\u00f6llist\u00e4vi\u00e4 yrityksi\u00e4 ja et\u00e4ty\u00f6t\u00e4 kotoaan tekevi\u00e4 varten yhteinen avoin toimistotila, josta saa tarvittavia kopiopalveluja, ty\u00f6p\u00f6yti\u00e4 kirjoittamista varten ja nopeat tietoliikenneyhteydet sek\u00e4 vuokrattavat videoneuvotteluyhteydet.\u00a0 Ja my\u00f6s yhteinen kahvihuone vapaamuotoista keskustelua ja taukoja varten.<\/li>\n<li>Jyv\u00e4skyl\u00e4n yliopisto ja ammattikorkeakoulu sek\u00e4 muut alueen oppilaitokset ovat avainasemassa uusien osaamiseen perustuvien yritysten synnyss\u00e4<\/li>\n<li>Jyv\u00e4skyl\u00e4n on saatava lis\u00e4\u00e4 valtakunnallisia teht\u00e4vi\u00e4 hoitavia yksik\u00f6it\u00e4, kuten esimerkiksi KIHU<\/li>\n<li>j\u00e4rke\u00e4 kilpailuttamiseen, my\u00f6s ymp\u00e4rist\u00f6arvot voivat olla kriteerein\u00e4<\/li>\n<\/ul>\n<p><strong>Vihre\u00e4\u00e4 kaupunkisuunnittelua ja henkil\u00f6st\u00f6politiikkaa<\/strong><\/p>\n<ul>\n<li>\u00a0Jyv\u00e4skyl\u00e4n kaupunki ty\u00f6nantajana voi olla edell\u00e4k\u00e4vij\u00e4 ja tarjota pienten lasten vanhemmille mahdollisuuden osa-aikaiseen ty\u00f6h\u00f6n<\/li>\n<li>uuden sukupolven organisaation tulee olla kuntalaisia palveleva ja selke\u00e4, ei vain keino v\u00e4hent\u00e4\u00e4 luottamusmiesorganisaatiota<\/li>\n<li>Kaupungin Kangas on Jyv\u00e4skyl\u00e4lle mainio pilottihanke ja mahdollisuus luoda uutta kaupunkikulttuuria. Jyv\u00e4skyl\u00e4 voi olla edell\u00e4k\u00e4vij\u00e4 asukkaiden mukaan ottamisessa kaupungin p\u00e4\u00e4t\u00f6ksentekoon ja suunnitteluun<\/li>\n<li>lasten ja nuorten osallisuuden <a title=\"Osallisuusohjelma\" href=\"http:\/\/www.jyvaskyla.fi\/nuoriso\/osallisuusohjelma\" target=\"_blank\">monialaisen kaupunkiohjelman<\/a> hyvi\u00e4 k\u00e4yt\u00e4nt\u00f6j\u00e4 on kehitett\u00e4v\u00e4 my\u00f6s aikuisia ja erityisryhmi\u00e4 palvelevaksi<\/li>\n<li>kaavoituspolitiikassa muistettava l\u00e4hiviheralueet. Kaupunkialueella voi olla my\u00f6s luonnontilaista mets\u00e4\u00e4. Kaupungin viherpolitiikka-ohjelman tavoitteita tulee seurata.<\/li>\n<li>ilmasto-ohjelman tavoitteita on seurattava ja Jyv\u00e4skyl\u00e4n tulee olla t\u00e4ss\u00e4 edell\u00e4k\u00e4vij\u00e4<\/li>\n<li>Jyv\u00e4skyl\u00e4\u00e4n on laadittava j\u00e4testrategia Vihre\u00e4n valtuustoryhm\u00e4n aloitteen mukaisesti.<\/li>\n<li>kaikkiin kaupungin rakennusinvestointikohteisiin pit\u00e4\u00e4 varata v\u00e4hint\u00e4\u00e4n 1% investoinnin arvosta taiteeseen (koulut, ym julkiset rakennukset)<\/li>\n<li>py\u00f6r\u00e4ll\u00e4 pit\u00e4\u00e4 p\u00e4\u00e4st\u00e4 liikkumaan sujuvasti kodista duuniin ja harrastuksiin. T\u00e4m\u00e4 vaatii py\u00f6r\u00e4ilyn tarpeiden huomioimista kaupunkisuunnittelussa. Mallia voi hakea Amsterdamista, K\u00f6\u00f6penhaminasta tai Tukholmasta.<\/li>\n<\/ul>\n<p><strong>Vihre\u00e4\u00e4 sosiaali- ja terveyspolitiikkaa<\/strong><\/p>\n<ul>\n<li>\u00a0sosiaali- ja terveyspalveluissa tarvitaan rakenteellista muutosta ja toiminnan kehitt\u00e4mist\u00e4. Sek\u00e4 julkisen puolen ett\u00e4 yksityisen puolen laadun kehitt\u00e4minen tulee olla t\u00e4rkeint\u00e4.<\/li>\n<li>sosiaali- ja terveyspalveluille pit\u00e4\u00e4 saada oikea taso talousarviossa m\u00e4\u00e4ritelty\u00e4, nykyinen tietoinen alibudjetointi ei ole avoimen p\u00e4\u00e4t\u00f6ksenteon mukaista<\/li>\n<li>kaikkien ihmisten arjen sujumista pit\u00e4\u00e4 tukea. Syrj\u00e4ytymisvaarassa olevilta, nuorilta eik\u00e4 ik\u00e4\u00e4ntyneilt\u00e4 saa vied\u00e4 toimintakyky\u00e4 yll\u00e4pit\u00e4vi\u00e4 ja ennaltaehk\u00e4isevi\u00e4 palveluita, koska kaikenlainen laitoshoito tulee todella kalliiksi<\/li>\n<li>terveydenhuollon j\u00e4rjest\u00e4minen tulisi olla suuremmilla harteilla kuin kunnilla. Suomeen tarvittaisiin riitt\u00e4v\u00e4n suuret ns. miljoonapiirit terveydenhuoltoon. N\u00e4iden hallinto pit\u00e4isi toteuttaa demokraattisesti valituilla edustajilla.<\/li>\n<\/ul>\n<div id=\"attachment_34\" style=\"width: 310px\" class=\"wp-caption aligncenter\"><a href=\"http:\/\/www.petrivahakangas.fi\/wp-content\/uploads\/2012\/05\/400496_1751303557659_1690981692_831508_2098431956_n.jpg\"><img aria-describedby=\"caption-attachment-34\" loading=\"lazy\" class=\"size-medium wp-image-34\" title=\"Keski-Suomen Vihreiden puheenjohtajan Elina Sillanp\u00e4\u00e4n onnitteluhalaus 22.1.2012\" src=\"http:\/\/www.petrivahakangas.fi\/wp-content\/uploads\/2012\/05\/400496_1751303557659_1690981692_831508_2098431956_n-300x200.jpg\" alt=\"\" width=\"300\" height=\"200\" srcset=\"https:\/\/www.petrivahakangas.fi\/wp-content\/uploads\/2012\/05\/400496_1751303557659_1690981692_831508_2098431956_n-300x200.jpg 300w, https:\/\/www.petrivahakangas.fi\/wp-content\/uploads\/2012\/05\/400496_1751303557659_1690981692_831508_2098431956_n.jpg 960w\" sizes=\"(max-width: 300px) 100vw, 300px\" \/><\/a><p id=\"caption-attachment-34\" class=\"wp-caption-text\">Keski-Suomen Vihreiden puheenjohtajan Elina Sillanp\u00e4\u00e4n onnitteluhalaus 22.1.2012<\/p><\/div>\n<p><a title=\"Tavoitteet ja teesit\" href=\"http:\/\/www.petrivahakangas.fi\/?page_id=24\">Tavoitteet ja teesit<\/a>\u00a0<a title=\"Vaalikiertue\" href=\"http:\/\/www.petrivahakangas.fi\/?page_id=41\">Vaalikiertue<\/a>\u00a0<a title=\"Vaalibudjetti\" href=\"http:\/\/www.petrivahakangas.fi\/?page_id=39\">Vaalibudjetti ja lahjoitukset<\/a>\u00a0<a title=\"Tuu mulle avautumaan!\" href=\"http:\/\/www.petrivahakangas.fi\/?page_id=119\">Avaudu<\/a><\/p>\n","protected":false},"excerpt":{"rendered":"<p>Vihre\u00e4\u00e4 kaupunkipolitiikkaa 2013-2016 L\u00e4hivihreytt\u00e4! l\u00e4hiruokaa kouluihin, p\u00e4iv\u00e4koteihin ja vanhuksille! l\u00e4hikirjastot s\u00e4ilytett\u00e4v\u00e4 ja pidett\u00e4v\u00e4n\u00e4 el\u00e4vin\u00e4 kulttuurikeskuksina. L\u00e4hikirjastojen tulisi olla my\u00f6s auki enemm\u00e4n silloin, kun ihmisill\u00e4 on vapaa-aikaa. L\u00e4hikirjastoista voisi tehd\u00e4 l\u00e4hipalvelupisteit\u00e4, joissa on itsepalvelulainauksen lis\u00e4ksi tarjolla toimintaa nuorisolle, kokoontumistiloja kansalaistoiminnalle sek\u00e4 vaikkapa sosiaali- ja terveyspalveluja. N\u00e4in tehostettaisiin my\u00f6s tilojen k\u00e4ytt\u00f6\u00e4. kaupunginosiin luotava lis\u00e4\u00e4 l\u00e4hitapahtumia ja kansalaistoimintaa&hellip;&nbsp;<a href=\"https:\/\/www.petrivahakangas.fi\/?page_id=24\" class=\"\" rel=\"bookmark\">Lue lis\u00e4\u00e4 &raquo;<span class=\"screen-reader-text\">Tavoitteet ja teesit<\/span><\/a><\/p>\n","protected":false},"author":1,"featured_media":0,"parent":0,"menu_order":0,"comment_status":"open","ping_status":"open","template":"","meta":{"neve_meta_sidebar":"","neve_meta_container":"","neve_meta_enable_content_width":"","neve_meta_content_width":0,"neve_meta_title_alignment":"","neve_meta_author_avatar":"","neve_post_elements_order":"","neve_meta_disable_header":"","neve_meta_disable_footer":"","neve_meta_disable_title":""},"_links":{"self":[{"href":"https:\/\/www.petrivahakangas.fi\/index.php?rest_route=\/wp\/v2\/pages\/24"}],"collection":[{"href":"https:\/\/www.petrivahakangas.fi\/index.php?rest_route=\/wp\/v2\/pages"}],"about":[{"href":"https:\/\/www.petrivahakangas.fi\/index.php?rest_route=\/wp\/v2\/types\/page"}],"author":[{"embeddable":true,"href":"https:\/\/www.petrivahakangas.fi\/index.php?rest_route=\/wp\/v2\/users\/1"}],"replies":[{"embeddable":true,"href":"https:\/\/www.petrivahakangas.fi\/index.php?rest_route=%2Fwp%2Fv2%2Fcomments&post=24"}],"version-history":[{"count":13,"href":"https:\/\/www.petrivahakangas.fi\/index.php?rest_route=\/wp\/v2\/pages\/24\/revisions"}],"predecessor-version":[{"id":111,"href":"https:\/\/www.petrivahakangas.fi\/index.php?rest_route=\/wp\/v2\/pages\/24\/revisions\/111"}],"wp:attachment":[{"href":"https:\/\/www.petrivahakangas.fi\/index.php?rest_route=%2Fwp%2Fv2%2Fmedia&parent=24"}],"curies":[{"name":"wp","href":"https:\/\/api.w.org\/{rel}","templated":true}]}}