{"id":397,"date":"2017-02-12T20:42:18","date_gmt":"2017-02-12T18:42:18","guid":{"rendered":"http:\/\/www.petrivahakangas.fi\/?page_id=397"},"modified":"2021-04-16T11:54:48","modified_gmt":"2021-04-16T08:54:48","slug":"397-2","status":"publish","type":"page","link":"https:\/\/www.petrivahakangas.fi\/","title":{"rendered":"Tervetuloa"},"content":{"rendered":"<div id=\"attachment_464\" style=\"width: 210px\" class=\"wp-caption aligncenter\"><a href=\"http:\/\/www.petrivahakangas.fi\/wp-content\/uploads\/2021\/04\/Vahakangas_Petri_10_900pikselia.jpg\"><img aria-describedby=\"caption-attachment-464\" loading=\"lazy\" class=\"size-medium wp-image-464\" src=\"http:\/\/www.petrivahakangas.fi\/wp-content\/uploads\/2021\/04\/Vahakangas_Petri_10_900pikselia-200x300.jpg\" alt=\"\" width=\"200\" height=\"300\" srcset=\"https:\/\/www.petrivahakangas.fi\/wp-content\/uploads\/2021\/04\/Vahakangas_Petri_10_900pikselia-200x300.jpg 200w, https:\/\/www.petrivahakangas.fi\/wp-content\/uploads\/2021\/04\/Vahakangas_Petri_10_900pikselia-683x1024.jpg 683w, https:\/\/www.petrivahakangas.fi\/wp-content\/uploads\/2021\/04\/Vahakangas_Petri_10_900pikselia-768x1152.jpg 768w, https:\/\/www.petrivahakangas.fi\/wp-content\/uploads\/2021\/04\/Vahakangas_Petri_10_900pikselia.jpg 900w\" sizes=\"(max-width: 200px) 100vw, 200px\" \/><\/a><p id=\"caption-attachment-464\" class=\"wp-caption-text\">kuva CaroK<\/p><\/div>\n<p style=\"text-align: center;\"><span style=\"font-size: inherit; text-align: center; color: var(--nv-text-color); font-family: Graphik,-apple-system,BlinkMacSystemFont,Segoe UI,var(--nv-fallback-ff); background-color: var(--nv-site-bg);\">Tervetuloa sivuilleni. Valitse ylh\u00e4\u00e4lt\u00e4, mist\u00e4 haluat enemm\u00e4n tietoa.<\/span><\/p>\n","protected":false},"excerpt":{"rendered":"<p>Tervetuloa sivuilleni. Valitse ylh\u00e4\u00e4lt\u00e4, mist\u00e4 haluat enemm\u00e4n tietoa.<\/p>\n","protected":false},"author":1,"featured_media":440,"parent":0,"menu_order":0,"comment_status":"closed","ping_status":"closed","template":"","meta":{"neve_meta_sidebar":"","neve_meta_container":"","neve_meta_enable_content_width":"","neve_meta_content_width":0,"neve_meta_title_alignment":"","neve_meta_author_avatar":"","neve_post_elements_order":"","neve_meta_disable_header":"","neve_meta_disable_footer":"","neve_meta_disable_title":""},"_links":{"self":[{"href":"https:\/\/www.petrivahakangas.fi\/index.php?rest_route=\/wp\/v2\/pages\/397"}],"collection":[{"href":"https:\/\/www.petrivahakangas.fi\/index.php?rest_route=\/wp\/v2\/pages"}],"about":[{"href":"https:\/\/www.petrivahakangas.fi\/index.php?rest_route=\/wp\/v2\/types\/page"}],"author":[{"embeddable":true,"href":"https:\/\/www.petrivahakangas.fi\/index.php?rest_route=\/wp\/v2\/users\/1"}],"replies":[{"embeddable":true,"href":"https:\/\/www.petrivahakangas.fi\/index.php?rest_route=%2Fwp%2Fv2%2Fcomments&post=397"}],"version-history":[{"count":6,"href":"https:\/\/www.petrivahakangas.fi\/index.php?rest_route=\/wp\/v2\/pages\/397\/revisions"}],"predecessor-version":[{"id":466,"href":"https:\/\/www.petrivahakangas.fi\/index.php?rest_route=\/wp\/v2\/pages\/397\/revisions\/466"}],"wp:featuredmedia":[{"embeddable":true,"href":"https:\/\/www.petrivahakangas.fi\/index.php?rest_route=\/wp\/v2\/media\/440"}],"wp:attachment":[{"href":"https:\/\/www.petrivahakangas.fi\/index.php?rest_route=%2Fwp%2Fv2%2Fmedia&parent=397"}],"curies":[{"name":"wp","href":"https:\/\/api.w.org\/{rel}","templated":true}]}}