{"id":4,"date":"2012-05-15T16:30:22","date_gmt":"2012-05-15T16:30:22","guid":{"rendered":"http:\/\/www.petrivahakangas.fi\/?page_id=4"},"modified":"2021-03-02T12:28:31","modified_gmt":"2021-03-02T10:28:31","slug":"mina","status":"publish","type":"page","link":"https:\/\/www.petrivahakangas.fi\/?page_id=4","title":{"rendered":"Min\u00e4"},"content":{"rendered":"<div id=\"attachment_380\" style=\"width: 310px\" class=\"wp-caption alignnone\"><a href=\"http:\/\/www.petrivahakangas.fi\/wp-content\/uploads\/2012\/05\/karaoke_vappu.jpg\"><img aria-describedby=\"caption-attachment-380\" loading=\"lazy\" class=\"wp-image-380 size-medium\" src=\"http:\/\/www.petrivahakangas.fi\/wp-content\/uploads\/2012\/05\/karaoke_vappu-300x273.jpg\" alt=\"karaoke_vappu\" width=\"300\" height=\"273\" srcset=\"https:\/\/www.petrivahakangas.fi\/wp-content\/uploads\/2012\/05\/karaoke_vappu-300x273.jpg 300w, https:\/\/www.petrivahakangas.fi\/wp-content\/uploads\/2012\/05\/karaoke_vappu.jpg 400w\" sizes=\"(max-width: 300px) 100vw, 300px\" \/><\/a><p id=\"caption-attachment-380\" class=\"wp-caption-text\">Karaokea vappuna 2014. Kuva: Virpi kauko<\/p><\/div>\n<p>Olen reilu viisikymppinen jyv\u00e4skyl\u00e4l\u00e4inen mies. Olen alunperin kotoisin Raahesta, josta muutin opiskelemaan erityispedagogiikkaa Jyv\u00e4skyl\u00e4n yliopistoon 1992. Olin Jyv\u00e4skyl\u00e4ss\u00e4 vuoteen 2001, jolloin muutin Pieks\u00e4m\u00e4elle t\u00f6ihin ja asuin siell\u00e4 kes\u00e4\u00e4n 2007, jolloin muutin takaisin Jyv\u00e4skyl\u00e4\u00e4n. Olen asunut Jyv\u00e4skyl\u00e4ss\u00e4 Myllyj\u00e4rvell\u00e4, Rautpohjassa, Jysk\u00e4ss\u00e4, keskustassa kommuunissa nykyisen Bar Hemingwaysin yl\u00e4puolelle, kimppak\u00e4mp\u00e4ss\u00e4 keskustassa, Kortepohjan ylioppilaskyl\u00e4ss\u00e4, Mattilanpellolla, Kangasvuoressa, Kyp\u00e4r\u00e4m\u00e4ess\u00e4 ja Keltinm\u00e4ess\u00e4. Olen tehnyt t\u00f6it\u00e4 mm. erityisopettajana, korkeakoulupoliittisena sihteerin\u00e4 (JYY) sek\u00e4 mielenterveyskuntoutujien ja sosiaalisesti syrj\u00e4ytyneiden sek\u00e4 vanhusten asumispalveluiden johtajana sek\u00e4 yhdyskuntaseuraamusten parissa.<\/p>\n<p>Politiikkaan ja nimenomaan Vihreisiin l\u00e4hdin mukaan 1990-luvun lopulla. Silloin minua ensisijaisesti veti mukaan Vihreiden n\u00e4kemykset perustulosta ja sosiaalipolitiikasta. Vuosien varrella ja erityisesti 7 vuoden ty\u00f6rupeaman aikana mielenterveyskuntoutujien ja sosiaalisesti syrj\u00e4ytyneiden kuntouttajana k\u00e4sitykseni on vain vahvistunut: meill\u00e4 olisi paljon ns. vajaakuntoisia, joilla olisi paljon annettavaa suomalaiselle yhteiskunnalle ja heid\u00e4t pit\u00e4isi saada mukaan ty\u00f6el\u00e4m\u00e4\u00e4n.<\/p>\n<p>Harrastan yhteiskunnallista vaikuttamista, h\u00f6nts\u00e4s\u00e4hly\u00e4, kuntosalilla k\u00e4ynti\u00e4 ja musiikkia kaikissa muodoissaan; teen itse lauluja, kuuntelen paljon kaikenlaista musiikkia, soitan itse kitaraa ja bassoa sek\u00e4 laulan. Pid\u00e4n lukemisesta ja elokuvien sek\u00e4 teatterin katsomisesta. Matkustan mielell\u00e4ni Suomessa ja ulkomailla.<\/p>\n<p>Jos yst\u00e4vilt\u00e4ni tai tutuiltani kysytt\u00e4isiin, millainen min\u00e4 olen, luulen, ett\u00e4 vastaukseksi tulisi ainakin rauhallinen ja sovitteleva. Innostun\u00a0 helposti uusista asioista ja uskon toiminnallisuuteen sek\u00e4 yhteis\u00f6llisyyteen.<\/p>\n<div id=\"attachment_27\" style=\"width: 310px\" class=\"wp-caption alignnone\"><a href=\"http:\/\/www.petrivahakangas.fi\/wp-content\/uploads\/2012\/05\/400162_1745574174428_1690981692_829831_16943791_n.jpg\"><img aria-describedby=\"caption-attachment-27\" loading=\"lazy\" class=\"size-medium wp-image-27\" title=\"Petri tekee Pekka Haaviston presidentinvaalikampanjaa 2012\" src=\"http:\/\/www.petrivahakangas.fi\/wp-content\/uploads\/2012\/05\/400162_1745574174428_1690981692_829831_16943791_n-300x200.jpg\" alt=\"Petri tekee Pekka Haaviston presidentinvaalikampanjaa 2012\" width=\"300\" height=\"200\" srcset=\"https:\/\/www.petrivahakangas.fi\/wp-content\/uploads\/2012\/05\/400162_1745574174428_1690981692_829831_16943791_n-300x200.jpg 300w, https:\/\/www.petrivahakangas.fi\/wp-content\/uploads\/2012\/05\/400162_1745574174428_1690981692_829831_16943791_n.jpg 960w\" sizes=\"(max-width: 300px) 100vw, 300px\" \/><\/a><p id=\"caption-attachment-27\" class=\"wp-caption-text\">Petri tekee Pekka Haaviston presidentinvaalikampanjaa 2012 kuva: Marjo Suvanto<\/p><\/div>\n","protected":false},"excerpt":{"rendered":"<p>Olen reilu viisikymppinen jyv\u00e4skyl\u00e4l\u00e4inen mies. Olen alunperin kotoisin Raahesta, josta muutin opiskelemaan erityispedagogiikkaa Jyv\u00e4skyl\u00e4n yliopistoon 1992. Olin Jyv\u00e4skyl\u00e4ss\u00e4 vuoteen 2001, jolloin muutin Pieks\u00e4m\u00e4elle t\u00f6ihin ja asuin siell\u00e4 kes\u00e4\u00e4n 2007, jolloin muutin takaisin Jyv\u00e4skyl\u00e4\u00e4n. Olen asunut Jyv\u00e4skyl\u00e4ss\u00e4 Myllyj\u00e4rvell\u00e4, Rautpohjassa, Jysk\u00e4ss\u00e4, keskustassa kommuunissa nykyisen Bar Hemingwaysin yl\u00e4puolelle, kimppak\u00e4mp\u00e4ss\u00e4 keskustassa, Kortepohjan ylioppilaskyl\u00e4ss\u00e4, Mattilanpellolla, Kangasvuoressa, Kyp\u00e4r\u00e4m\u00e4ess\u00e4 ja Keltinm\u00e4ess\u00e4. Olen&hellip;&nbsp;<a href=\"https:\/\/www.petrivahakangas.fi\/?page_id=4\" class=\"\" rel=\"bookmark\">Lue lis\u00e4\u00e4 &raquo;<span class=\"screen-reader-text\">Min\u00e4<\/span><\/a><\/p>\n","protected":false},"author":1,"featured_media":0,"parent":0,"menu_order":0,"comment_status":"closed","ping_status":"open","template":"","meta":{"neve_meta_sidebar":"","neve_meta_container":"","neve_meta_enable_content_width":"","neve_meta_content_width":0,"neve_meta_title_alignment":"","neve_meta_author_avatar":"","neve_post_elements_order":"","neve_meta_disable_header":"","neve_meta_disable_footer":"","neve_meta_disable_title":""},"_links":{"self":[{"href":"https:\/\/www.petrivahakangas.fi\/index.php?rest_route=\/wp\/v2\/pages\/4"}],"collection":[{"href":"https:\/\/www.petrivahakangas.fi\/index.php?rest_route=\/wp\/v2\/pages"}],"about":[{"href":"https:\/\/www.petrivahakangas.fi\/index.php?rest_route=\/wp\/v2\/types\/page"}],"author":[{"embeddable":true,"href":"https:\/\/www.petrivahakangas.fi\/index.php?rest_route=\/wp\/v2\/users\/1"}],"replies":[{"embeddable":true,"href":"https:\/\/www.petrivahakangas.fi\/index.php?rest_route=%2Fwp%2Fv2%2Fcomments&post=4"}],"version-history":[{"count":20,"href":"https:\/\/www.petrivahakangas.fi\/index.php?rest_route=\/wp\/v2\/pages\/4\/revisions"}],"predecessor-version":[{"id":462,"href":"https:\/\/www.petrivahakangas.fi\/index.php?rest_route=\/wp\/v2\/pages\/4\/revisions\/462"}],"wp:attachment":[{"href":"https:\/\/www.petrivahakangas.fi\/index.php?rest_route=%2Fwp%2Fv2%2Fmedia&parent=4"}],"curies":[{"name":"wp","href":"https:\/\/api.w.org\/{rel}","templated":true}]}}