{"id":41,"date":"2012-05-15T16:30:22","date_gmt":"2012-05-15T16:30:22","guid":{"rendered":"http:\/\/www.petrivahakangas.fi\/?page_id=41"},"modified":"2012-09-01T14:04:32","modified_gmt":"2012-09-01T14:04:32","slug":"vaalikiertue","status":"publish","type":"page","link":"https:\/\/www.petrivahakangas.fi\/?page_id=41","title":{"rendered":"Vaalikiertue"},"content":{"rendered":"<p>Syyskuu 2012 (p\u00e4ivittyy viel\u00e4&#8230;)<\/p>\n<ul>\n<li>29.9.\u00a0\u00a0klo 10-15 (?) JyVin teltta k\u00e4velykadulla<\/li>\n<li>15.9. klo 10-15 (?) JyVin teltta k\u00e4velykadulla<\/li>\n<li>7.9. n. klo 17-23.59 soittokeikka J\u00e4ms\u00e4n Vihreiden teltalla Kuuhullujen (!) y\u00f6ss\u00e4 J\u00e4ms\u00e4nkoskella (<a href=\"https:\/\/www.facebook.com\/events\/458088624225159\/\">linkki FB<\/a>, <a href=\"http:\/\/www.jamsa.fi\/events.php?eventcalendar=1956&amp;action=view_event&amp;id=3061\">linkki www<\/a>)<\/li>\n<li>6.9. klo 17.30-20 Seminaari: Asukkaiden tekem\u00e4 kaupunki &#8211; parempia p\u00e4\u00e4t\u00f6ksi\u00e4 asukkaiden voimin. J\u00e4rjest\u00e4v\u00e4t JyVi ja Vision Ajatuspaja Visio. (<a href=\"http:\/\/www.jyvaskylanvihreat.fi\/kunnallisvaalit-2012\/asukkaiden-tekema-kaupunki-parempia-paatoksia-asukkaiden-voimin\/\">linkki<\/a>)<\/li>\n<\/ul>\n<p>Elokuu 2012<\/p>\n<ul>\n<li>29.8. JyVin hallitus klo 17 (<a href=\"http:\/\/www.jyvaskylanvihreat.fi\/jyvin-hallituksen-kokous-sepankeskuksen-elektroni-salissa\/\">linkki<\/a>)<\/li>\n<li>28.8. SiVin alueen iltakoulu klo 16<\/li>\n<li>Vihre\u00e4t Kes\u00e4p\u00e4iv\u00e4t 25.-26.8. Orivedell\u00e4 (<a href=\"http:\/\/www.vihreat.fi\/kesapaivat\">http:\/\/www.vihreat.fi\/kesapaivat<\/a>)<\/li>\n<\/ul>\n<p>&nbsp;<\/p>\n<div>Hein\u00e4kuu 2012<\/div>\n<div>\n<ul>\n<li>\n<address><span style=\"font-size: x-small;\"><span style=\"font-size: x-small;\">6.-7.7. JyVi Korpilahdella Palvip\u00e4ivill\u00e4 (!)<\/span><\/span><\/address>\n<\/li>\n<li>\n<address><span style=\"font-size: x-small;\"><span style=\"font-size: x-small;\">7.7. yst\u00e4v\u00e4n 50-vuotisjuhlat klo 14-&gt; (yksi<\/span><\/span><span style=\"font-size: x-small;\">tyistilaisuus, soolo-, duo tms-keikka)<\/span><\/address>\n<\/li>\n<\/ul>\n<div>\n<p>Kes\u00e4kuu 2012<\/p>\n<ul>\n<li>Puheenvuoroja tulevaisuuden Jyv\u00e4skyl\u00e4st\u00e4:Tieto ja tietoverkot osallistumisen mahdollistajina\u00a0<a href=\"http:\/\/www3.jkl.fi\/tapahtumat\/tapahtuma.php?id=41989\" target=\"_blank\">linkki<\/a><\/li>\n<li>kunnallisvaaliohjelman ty\u00f6st\u00e4mist\u00e4 ti 5.6. klo 17 Sep\u00e4nkeskuksessa ja pe 8.6. klo 17 Sep\u00e4nkeskuksessa<\/li>\n<li>ma 11.6. klo 17 JyVin vaality\u00f6ryhm\u00e4<\/li>\n<li>ke 13.6. klo 17 JyVin hallituksen kokous ja klo 18 yleinen kokous Matarassa (Matarankatu 4)<\/li>\n<li>28.6.-2.7.2012 Jyv\u00e4skyl\u00e4n kaupungin edustajana Stavangerissa Pohjoismaisen liikuntavaihdon ryhm\u00e4ss\u00e4 (lajina 15-16 vuotiaiden tennis)<\/li>\n<\/ul>\n<p><span style=\"font-size: x-small;\"><br \/>\n<\/span><\/p>\n<\/div>\n<\/div>\n<p>Toukokuu 2012<\/p>\n<ul>\n<li>16.5. klo 12-15 Jyv\u00e4skyl\u00e4n sataman kehitt\u00e4minen; ideointitilaisuus Alexandra<\/li>\n<li>16.5. klo 17 Jyv\u00e4skyl\u00e4n Vihreiden hallituksen kokous<\/li>\n<li>17.5. klo 14, Jyv\u00e4skyl\u00e4n satama (l\u00e4ht\u00f6) Vihreiden k\u00e4velyretki Jyv\u00e4sj\u00e4rven ymp\u00e4ri (lis\u00e4infoa <a title=\"Vihreiden kev\u00e4tk\u00e4vely\" href=\"https:\/\/www.facebook.com\/events\/374514442584328\/declines\/?notif_t=plan_user_removed\" target=\"_blank\">linkist\u00e4<\/a>)<\/li>\n<li>19.-20.5. Vihreiden puoluekokous Lappeenrannassa<\/li>\n<li>23.5. klo 17-&gt; ehdokaskuvaus ja ehdokaskoulutus Sep\u00e4nkeskuksessa<\/li>\n<li>25.5. klo 13-19 Huhtakeskus, kev\u00e4ttapahtuma. JyVin teltalla kahvia jakamassa ja juttelemassa. My\u00f6s kitaran nappaan mukaan.<\/li>\n<li>30.5. klo 16.30 kulttuuri-, liikunta- ja nuorisolautakunnan kokous Veturitalleilla<\/li>\n<\/ul>\n<p><em>p\u00e4ivitetty 5.6.2012<\/em><\/p>\n<div id=\"attachment_43\" style=\"width: 310px\" class=\"wp-caption aligncenter\"><a href=\"http:\/\/www.petrivahakangas.fi\/wp-content\/uploads\/2012\/05\/298304_1528693312542_1690981692_728675_337401297_n.jpg\"><img aria-describedby=\"caption-attachment-43\" loading=\"lazy\" class=\"size-medium wp-image-43\" title=\"&quot;Ketk\u00e4 piiloutui varjoon mahtavan ydinvoimalan&quot;\" src=\"http:\/\/www.petrivahakangas.fi\/wp-content\/uploads\/2012\/05\/298304_1528693312542_1690981692_728675_337401297_n-300x200.jpg\" alt=\"&quot;Ketk\u00e4 piiloutui varjoon mahtavan ydinvoimalan&quot;\" width=\"300\" height=\"200\" srcset=\"https:\/\/www.petrivahakangas.fi\/wp-content\/uploads\/2012\/05\/298304_1528693312542_1690981692_728675_337401297_n-300x200.jpg 300w, https:\/\/www.petrivahakangas.fi\/wp-content\/uploads\/2012\/05\/298304_1528693312542_1690981692_728675_337401297_n.jpg 960w\" sizes=\"(max-width: 300px) 100vw, 300px\" \/><\/a><p id=\"caption-attachment-43\" class=\"wp-caption-text\">&#8221;Ketk\u00e4 piiloutui varjoon mahtavan ydinvoimalan&#8221;<\/p><\/div>\n<p><a title=\"Tavoitteet ja teesit\" href=\"http:\/\/www.petrivahakangas.fi\/?page_id=24\">Tavoitteet ja teesit<\/a>\u00a0<a title=\"Vaalikiertue\" href=\"http:\/\/www.petrivahakangas.fi\/?page_id=41\">Vaalikiertue<\/a>\u00a0<a title=\"Vaalibudjetti\" href=\"http:\/\/www.petrivahakangas.fi\/?page_id=39\">Vaalibudjetti ja lahjoitukset<\/a>\u00a0<a title=\"Tuu mulle avautumaan!\" href=\"http:\/\/www.petrivahakangas.fi\/?page_id=119\">Avaudu<\/a><\/p>\n<p>&nbsp;<\/p>\n","protected":false},"excerpt":{"rendered":"<p>Syyskuu 2012 (p\u00e4ivittyy viel\u00e4&#8230;) 29.9.\u00a0\u00a0klo 10-15 (?) JyVin teltta k\u00e4velykadulla 15.9. klo 10-15 (?) JyVin teltta k\u00e4velykadulla 7.9. n. klo 17-23.59 soittokeikka J\u00e4ms\u00e4n Vihreiden teltalla Kuuhullujen (!) y\u00f6ss\u00e4 J\u00e4ms\u00e4nkoskella (linkki FB, linkki www) 6.9. klo 17.30-20 Seminaari: Asukkaiden tekem\u00e4 kaupunki &#8211; parempia p\u00e4\u00e4t\u00f6ksi\u00e4 asukkaiden voimin. J\u00e4rjest\u00e4v\u00e4t JyVi ja Vision Ajatuspaja Visio. (linkki) Elokuu 2012 29.8.&hellip;&nbsp;<a href=\"https:\/\/www.petrivahakangas.fi\/?page_id=41\" class=\"\" rel=\"bookmark\">Lue lis\u00e4\u00e4 &raquo;<span class=\"screen-reader-text\">Vaalikiertue<\/span><\/a><\/p>\n","protected":false},"author":1,"featured_media":0,"parent":0,"menu_order":0,"comment_status":"open","ping_status":"open","template":"","meta":{"neve_meta_sidebar":"","neve_meta_container":"","neve_meta_enable_content_width":"","neve_meta_content_width":0,"neve_meta_title_alignment":"","neve_meta_author_avatar":"","neve_post_elements_order":"","neve_meta_disable_header":"","neve_meta_disable_footer":"","neve_meta_disable_title":""},"_links":{"self":[{"href":"https:\/\/www.petrivahakangas.fi\/index.php?rest_route=\/wp\/v2\/pages\/41"}],"collection":[{"href":"https:\/\/www.petrivahakangas.fi\/index.php?rest_route=\/wp\/v2\/pages"}],"about":[{"href":"https:\/\/www.petrivahakangas.fi\/index.php?rest_route=\/wp\/v2\/types\/page"}],"author":[{"embeddable":true,"href":"https:\/\/www.petrivahakangas.fi\/index.php?rest_route=\/wp\/v2\/users\/1"}],"replies":[{"embeddable":true,"href":"https:\/\/www.petrivahakangas.fi\/index.php?rest_route=%2Fwp%2Fv2%2Fcomments&post=41"}],"version-history":[{"count":11,"href":"https:\/\/www.petrivahakangas.fi\/index.php?rest_route=\/wp\/v2\/pages\/41\/revisions"}],"predecessor-version":[{"id":148,"href":"https:\/\/www.petrivahakangas.fi\/index.php?rest_route=\/wp\/v2\/pages\/41\/revisions\/148"}],"wp:attachment":[{"href":"https:\/\/www.petrivahakangas.fi\/index.php?rest_route=%2Fwp%2Fv2%2Fmedia&parent=41"}],"curies":[{"name":"wp","href":"https:\/\/api.w.org\/{rel}","templated":true}]}}