{"id":60,"date":"2012-05-15T16:37:57","date_gmt":"2012-05-15T16:37:57","guid":{"rendered":"http:\/\/www.petrivahakangas.fi\/?page_id=60"},"modified":"2021-03-02T12:15:13","modified_gmt":"2021-03-02T10:15:13","slug":"muusikko","status":"publish","type":"page","link":"https:\/\/www.petrivahakangas.fi\/?page_id=60","title":{"rendered":"Muusikko"},"content":{"rendered":"<div id=\"attachment_308\" style=\"width: 270px\" class=\"wp-caption aligncenter\"><a href=\"http:\/\/www.petrivahakangas.fi\/wp-content\/uploads\/2012\/05\/kitara_olalla_mv2.jpg\"><img aria-describedby=\"caption-attachment-308\" loading=\"lazy\" class=\"size-medium wp-image-308 \" src=\"http:\/\/www.petrivahakangas.fi\/wp-content\/uploads\/2012\/05\/kitara_olalla_mv2-260x300.jpg\" alt=\"Keikalle?\" width=\"260\" height=\"300\" srcset=\"https:\/\/www.petrivahakangas.fi\/wp-content\/uploads\/2012\/05\/kitara_olalla_mv2-260x300.jpg 260w, https:\/\/www.petrivahakangas.fi\/wp-content\/uploads\/2012\/05\/kitara_olalla_mv2-888x1024.jpg 888w, https:\/\/www.petrivahakangas.fi\/wp-content\/uploads\/2012\/05\/kitara_olalla_mv2-694x800.jpg 694w, https:\/\/www.petrivahakangas.fi\/wp-content\/uploads\/2012\/05\/kitara_olalla_mv2.jpg 900w\" sizes=\"(max-width: 260px) 100vw, 260px\" \/><\/a><p id=\"caption-attachment-308\" class=\"wp-caption-text\">Man in black (shirt)<\/p><\/div>\n<p>Olen harrastanut musiikkia pienen ik\u00e4ni. Aloitin soittamalla kitaraa joskus 11-vuotiaana ja vanhempi serkkuni neuvoi minulle ensimm\u00e4iset soinnut. Yl\u00e4aste- ja lukioik\u00e4isen\u00e4 tuli soiteltua erilaisissa b\u00e4ndeiss\u00e4 ja silloisista soittokavereista on tullut Anssi Kelan 1972-laulua mukaillen mm. insin\u00f6\u00f6rej\u00e4, metallimiehi\u00e4, opettajia (mm. rock-musiikin opettaja, ala-asteen musiikinopettaja jne) ja lauluntekij\u00f6it\u00e4. Soittoharrastus j\u00e4i opiskeluaikoina v\u00e4h\u00e4n jalkoihin ja teinkin muutaman vuoden harharetken bassonsoiton maailmaan.<\/p>\n<p>Nyt soittelen taas kitaraa ja laulankin v\u00e4lill\u00e4 aikuisten miesten b\u00e4ndiss\u00e4.<\/p>\n<p>Lis\u00e4tietoa: <a title=\"Muusikko Petri V\u00e4h\u00e4kangas at Facebook\" href=\"https:\/\/www.facebook.com\/muusikkopetrivahakangas\" target=\"_blank\" rel=\"noopener\">Facebook-sivu<\/a><\/p>\n<div id=\"attachment_61\" style=\"width: 210px\" class=\"wp-caption aligncenter\"><a href=\"http:\/\/www.petrivahakangas.fi\/wp-content\/uploads\/2012\/05\/KP0A9314.jpg\"><img aria-describedby=\"caption-attachment-61\" loading=\"lazy\" class=\"size-medium wp-image-61\" title=\"Keikalla Pekka-festareilla 4.2.2012 RedNeck Punaniska\" src=\"http:\/\/www.petrivahakangas.fi\/wp-content\/uploads\/2012\/05\/KP0A9314-200x300.jpg\" alt=\"Keikalla Pekka-festareilla 4.2.2012 RedNeck Punaniska\" width=\"200\" height=\"300\" srcset=\"https:\/\/www.petrivahakangas.fi\/wp-content\/uploads\/2012\/05\/KP0A9314-200x300.jpg 200w, https:\/\/www.petrivahakangas.fi\/wp-content\/uploads\/2012\/05\/KP0A9314-682x1024.jpg 682w\" sizes=\"(max-width: 200px) 100vw, 200px\" \/><\/a><p id=\"caption-attachment-61\" class=\"wp-caption-text\">Keikalla Pekka-festareilla 4.2.2012 RedNeck Punaniska ja alla l\u00e4hd\u00f6ss\u00e4 keikalle joskus 2014&#8230; \ud83d\ude42<a href=\"http:\/\/www.petrivahakangas.fi\/wp-content\/uploads\/2012\/05\/kitara_kaa_seisoen_mv.jpg\"><br \/><\/a> <a href=\"http:\/\/www.petrivahakangas.fi\/wp-content\/uploads\/2012\/05\/kitara_olalla_torso_mv.jpg\"><img loading=\"lazy\" class=\"size-medium wp-image-310 \" src=\"http:\/\/www.petrivahakangas.fi\/wp-content\/uploads\/2012\/05\/kitara_olalla_torso_mv-162x300.jpg\" alt=\"kitara_olalla_torso_mv\" width=\"162\" height=\"300\" srcset=\"https:\/\/www.petrivahakangas.fi\/wp-content\/uploads\/2012\/05\/kitara_olalla_torso_mv-162x300.jpg 162w, https:\/\/www.petrivahakangas.fi\/wp-content\/uploads\/2012\/05\/kitara_olalla_torso_mv-432x800.jpg 432w, https:\/\/www.petrivahakangas.fi\/wp-content\/uploads\/2012\/05\/kitara_olalla_torso_mv.jpg 486w\" sizes=\"(max-width: 162px) 100vw, 162px\" \/><\/a><\/p><\/div>\n","protected":false},"excerpt":{"rendered":"<p>Olen harrastanut musiikkia pienen ik\u00e4ni. Aloitin soittamalla kitaraa joskus 11-vuotiaana ja vanhempi serkkuni neuvoi minulle ensimm\u00e4iset soinnut. Yl\u00e4aste- ja lukioik\u00e4isen\u00e4 tuli soiteltua erilaisissa b\u00e4ndeiss\u00e4 ja silloisista soittokavereista on tullut Anssi Kelan 1972-laulua mukaillen mm. insin\u00f6\u00f6rej\u00e4, metallimiehi\u00e4, opettajia (mm. rock-musiikin opettaja, ala-asteen musiikinopettaja jne) ja lauluntekij\u00f6it\u00e4. Soittoharrastus j\u00e4i opiskeluaikoina v\u00e4h\u00e4n jalkoihin ja teinkin muutaman vuoden harharetken&hellip;&nbsp;<a href=\"https:\/\/www.petrivahakangas.fi\/?page_id=60\" class=\"\" rel=\"bookmark\">Lue lis\u00e4\u00e4 &raquo;<span class=\"screen-reader-text\">Muusikko<\/span><\/a><\/p>\n","protected":false},"author":1,"featured_media":0,"parent":0,"menu_order":0,"comment_status":"open","ping_status":"open","template":"","meta":{"neve_meta_sidebar":"","neve_meta_container":"","neve_meta_enable_content_width":"","neve_meta_content_width":0,"neve_meta_title_alignment":"","neve_meta_author_avatar":"","neve_post_elements_order":"","neve_meta_disable_header":"","neve_meta_disable_footer":"","neve_meta_disable_title":""},"_links":{"self":[{"href":"https:\/\/www.petrivahakangas.fi\/index.php?rest_route=\/wp\/v2\/pages\/60"}],"collection":[{"href":"https:\/\/www.petrivahakangas.fi\/index.php?rest_route=\/wp\/v2\/pages"}],"about":[{"href":"https:\/\/www.petrivahakangas.fi\/index.php?rest_route=\/wp\/v2\/types\/page"}],"author":[{"embeddable":true,"href":"https:\/\/www.petrivahakangas.fi\/index.php?rest_route=\/wp\/v2\/users\/1"}],"replies":[{"embeddable":true,"href":"https:\/\/www.petrivahakangas.fi\/index.php?rest_route=%2Fwp%2Fv2%2Fcomments&post=60"}],"version-history":[{"count":19,"href":"https:\/\/www.petrivahakangas.fi\/index.php?rest_route=\/wp\/v2\/pages\/60\/revisions"}],"predecessor-version":[{"id":457,"href":"https:\/\/www.petrivahakangas.fi\/index.php?rest_route=\/wp\/v2\/pages\/60\/revisions\/457"}],"wp:attachment":[{"href":"https:\/\/www.petrivahakangas.fi\/index.php?rest_route=%2Fwp%2Fv2%2Fmedia&parent=60"}],"curies":[{"name":"wp","href":"https:\/\/api.w.org\/{rel}","templated":true}]}}