{"id":64,"date":"2012-05-15T16:41:34","date_gmt":"2012-05-15T16:41:34","guid":{"rendered":"http:\/\/www.petrivahakangas.fi\/?page_id=64"},"modified":"2021-03-02T12:30:58","modified_gmt":"2021-03-02T10:30:58","slug":"yhteystiedot","status":"publish","type":"page","link":"https:\/\/www.petrivahakangas.fi\/?page_id=64","title":{"rendered":"Yhteystiedot"},"content":{"rendered":"<ul>\n<li>K\u00e4tevimmin minuun saa yhteyden s\u00e4hk\u00f6isell\u00e4 postilla: <strong>petri (at) petrivahakangas.fi<\/strong><\/li>\n<li>tai Facebook-sivujen kautta: <a title=\"Petri V\u00e4h\u00e4kangas - poliitikko\" href=\"https:\/\/www.facebook.com\/petri.vahakangas.politics\" target=\"_blank\" rel=\"noopener\">https:\/\/www.facebook.com\/petri.vahakangas.politics<\/a><\/li>\n<li>tai Twitterin kautta:\u00a0<a title=\"Petrin Twitter\" href=\"https:\/\/twitter.com\/numbie69\" target=\"_blank\" rel=\"noopener\">https:\/\/twitter.com\/numbie69<\/a><\/li>\n<li>tai kommentoimalla jotain artikkelia tai sivua n\u00e4ill\u00e4 sivuilla<\/li>\n<\/ul>\n<div id=\"attachment_65\" style=\"width: 210px\" class=\"wp-caption alignnone\"><a href=\"http:\/\/www.petrivahakangas.fi\/wp-content\/uploads\/2012\/05\/395708_1770139628549_1690981692_837864_1333640614_n.jpg\"><img aria-describedby=\"caption-attachment-65\" loading=\"lazy\" class=\"size-medium wp-image-65\" title=\"Aalto-salilla 29.1.2012 Pekka Haavisto presidentiksi kansalaisjuhlassa\" src=\"http:\/\/www.petrivahakangas.fi\/wp-content\/uploads\/2012\/05\/395708_1770139628549_1690981692_837864_1333640614_n-200x300.jpg\" alt=\"Aalto-salilla 29.1.2012 Pekka Haavisto presidentiksi kansalaisjuhlassa\" width=\"200\" height=\"300\" srcset=\"https:\/\/www.petrivahakangas.fi\/wp-content\/uploads\/2012\/05\/395708_1770139628549_1690981692_837864_1333640614_n-200x300.jpg 200w, https:\/\/www.petrivahakangas.fi\/wp-content\/uploads\/2012\/05\/395708_1770139628549_1690981692_837864_1333640614_n.jpg 640w\" sizes=\"(max-width: 200px) 100vw, 200px\" \/><\/a><p id=\"caption-attachment-65\" class=\"wp-caption-text\">Aalto-salilla 29.1.2012 Pekka Haavisto presidentiksi kansalaisjuhlassa kuva: Marjo Suvanto<\/p><\/div>\n","protected":false},"excerpt":{"rendered":"<p>K\u00e4tevimmin minuun saa yhteyden s\u00e4hk\u00f6isell\u00e4 postilla: petri (at) petrivahakangas.fi tai Facebook-sivujen kautta: https:\/\/www.facebook.com\/petri.vahakangas.politics tai Twitterin kautta:\u00a0https:\/\/twitter.com\/numbie69 tai kommentoimalla jotain artikkelia tai sivua n\u00e4ill\u00e4 sivuilla<\/p>\n","protected":false},"author":1,"featured_media":0,"parent":0,"menu_order":0,"comment_status":"open","ping_status":"open","template":"","meta":{"neve_meta_sidebar":"","neve_meta_container":"","neve_meta_enable_content_width":"","neve_meta_content_width":0,"neve_meta_title_alignment":"","neve_meta_author_avatar":"","neve_post_elements_order":"","neve_meta_disable_header":"","neve_meta_disable_footer":"","neve_meta_disable_title":""},"_links":{"self":[{"href":"https:\/\/www.petrivahakangas.fi\/index.php?rest_route=\/wp\/v2\/pages\/64"}],"collection":[{"href":"https:\/\/www.petrivahakangas.fi\/index.php?rest_route=\/wp\/v2\/pages"}],"about":[{"href":"https:\/\/www.petrivahakangas.fi\/index.php?rest_route=\/wp\/v2\/types\/page"}],"author":[{"embeddable":true,"href":"https:\/\/www.petrivahakangas.fi\/index.php?rest_route=\/wp\/v2\/users\/1"}],"replies":[{"embeddable":true,"href":"https:\/\/www.petrivahakangas.fi\/index.php?rest_route=%2Fwp%2Fv2%2Fcomments&post=64"}],"version-history":[{"count":8,"href":"https:\/\/www.petrivahakangas.fi\/index.php?rest_route=\/wp\/v2\/pages\/64\/revisions"}],"predecessor-version":[{"id":463,"href":"https:\/\/www.petrivahakangas.fi\/index.php?rest_route=\/wp\/v2\/pages\/64\/revisions\/463"}],"wp:attachment":[{"href":"https:\/\/www.petrivahakangas.fi\/index.php?rest_route=%2Fwp%2Fv2%2Fmedia&parent=64"}],"curies":[{"name":"wp","href":"https:\/\/api.w.org\/{rel}","templated":true}]}}